{"id":4075,"date":"2022-03-29T15:43:19","date_gmt":"2022-03-29T19:43:19","guid":{"rendered":"https:\/\/www.conferencecannabis.ca\/?page_id=4075"},"modified":"2023-04-14T16:26:33","modified_gmt":"2023-04-14T20:26:33","slug":"previous-editions","status":"publish","type":"page","link":"https:\/\/www.conferencecannabis.ca\/en\/previous-editions\/","title":{"rendered":"Previous editions"},"content":{"rendered":"\t\t<div data-elementor-type=\"wp-page\" data-elementor-id=\"4075\" class=\"elementor elementor-4075 elementor-4064\" data-elementor-post-type=\"page\">\n\t\t\t\t\t\t<section class=\"elementor-section elementor-top-section elementor-element elementor-element-e340883 elementor-section-boxed elementor-section-height-default elementor-section-height-default\" data-id=\"e340883\" data-element_type=\"section\" data-e-type=\"section\">\n\t\t\t\t\t\t<div class=\"elementor-container elementor-column-gap-default\">\n\t\t\t\t\t<div class=\"elementor-column elementor-col-33 elementor-top-column elementor-element elementor-element-e946fcb\" data-id=\"e946fcb\" data-element_type=\"column\" data-e-type=\"column\">\n\t\t\t<div class=\"elementor-widget-wrap elementor-element-populated\">\n\t\t\t\t\t\t<div class=\"elementor-element elementor-element-60fef02 elementor-widget elementor-widget-image\" data-id=\"60fef02\" data-element_type=\"widget\" data-e-type=\"widget\" data-widget_type=\"image.default\">\n\t\t\t\t<div class=\"elementor-widget-container\">\n\t\t\t\t\t\t\t\t\t\t\t\t\t\t\t\t<a href=\"https:\/\/www.conferencecannabis.ca\/en\/previous-editions\/2022-conference\/\">\n\t\t\t\t\t\t\t<img fetchpriority=\"high\" decoding=\"async\" width=\"500\" height=\"275\" src=\"https:\/\/www.conferencecannabis.ca\/wp-content\/uploads\/2023\/04\/mea-conference-cannabis-2022.png\" class=\"attachment-large size-large wp-image-5267\" alt=\"\" srcset=\"https:\/\/www.conferencecannabis.ca\/wp-content\/uploads\/2023\/04\/mea-conference-cannabis-2022.png 500w, https:\/\/www.conferencecannabis.ca\/wp-content\/uploads\/2023\/04\/mea-conference-cannabis-2022-300x165.png 300w, https:\/\/www.conferencecannabis.ca\/wp-content\/uploads\/2023\/04\/mea-conference-cannabis-2022-400x220.png 400w\" sizes=\"(max-width: 500px) 100vw, 500px\" \/>\t\t\t\t\t\t\t\t<\/a>\n\t\t\t\t\t\t\t\t\t\t\t\t\t\t\t<\/div>\n\t\t\t\t<\/div>\n\t\t\t\t<div class=\"elementor-element elementor-element-35127b0 elementor-widget elementor-widget-text-editor\" data-id=\"35127b0\" data-element_type=\"widget\" data-e-type=\"widget\" data-widget_type=\"text-editor.default\">\n\t\t\t\t<div class=\"elementor-widget-container\">\n\t\t\t\t\t        <div class=\"elementor-text-editor elementor-clearfix\"><h3 style=\"text-align: center;\"><a href=\"https:\/\/www.conferencecannabis.ca\/en\/previous-editions\/2022-conference\/\">May 19th, 2022<\/a><\/h3><p style=\"text-align: center;\">Hotel Plaza Quebec<\/p><\/div>\n        \t\t\t\t<\/div>\n\t\t\t\t<\/div>\n\t\t\t\t\t<\/div>\n\t\t<\/div>\n\t\t\t\t<div class=\"elementor-column elementor-col-33 elementor-top-column elementor-element elementor-element-4ad430c\" data-id=\"4ad430c\" data-element_type=\"column\" data-e-type=\"column\">\n\t\t\t<div class=\"elementor-widget-wrap elementor-element-populated\">\n\t\t\t\t\t\t<div class=\"elementor-element elementor-element-f3c280d elementor-widget elementor-widget-image\" data-id=\"f3c280d\" data-element_type=\"widget\" data-e-type=\"widget\" data-widget_type=\"image.default\">\n\t\t\t\t<div class=\"elementor-widget-container\">\n\t\t\t\t\t\t\t\t\t\t\t\t\t\t\t\t<a href=\"https:\/\/www.conferencecannabis.ca\/en\/previous-editions\/2020-conference\/\">\n\t\t\t\t\t\t\t<img decoding=\"async\" width=\"500\" height=\"275\" src=\"https:\/\/www.conferencecannabis.ca\/wp-content\/uploads\/2023\/04\/mea-conference-cannabis-2020.png\" class=\"attachment-large size-large wp-image-5269\" alt=\"\" srcset=\"https:\/\/www.conferencecannabis.ca\/wp-content\/uploads\/2023\/04\/mea-conference-cannabis-2020.png 500w, https:\/\/www.conferencecannabis.ca\/wp-content\/uploads\/2023\/04\/mea-conference-cannabis-2020-300x165.png 300w, https:\/\/www.conferencecannabis.ca\/wp-content\/uploads\/2023\/04\/mea-conference-cannabis-2020-400x220.png 400w\" sizes=\"(max-width: 500px) 100vw, 500px\" \/>\t\t\t\t\t\t\t\t<\/a>\n\t\t\t\t\t\t\t\t\t\t\t\t\t\t\t<\/div>\n\t\t\t\t<\/div>\n\t\t\t\t<div class=\"elementor-element elementor-element-59d17ae elementor-widget elementor-widget-text-editor\" data-id=\"59d17ae\" data-element_type=\"widget\" data-e-type=\"widget\" data-widget_type=\"text-editor.default\">\n\t\t\t\t<div class=\"elementor-widget-container\">\n\t\t\t\t\t        <div class=\"elementor-text-editor elementor-clearfix\"><h3 style=\"text-align: center;\"><a href=\"https:\/\/www.conferencecannabis.ca\/en\/previous-editions\/2020-conference\/\">October 7th, 2020<\/a><\/h3><p style=\"text-align: center;\">Webinar<\/p><\/div>\n        \t\t\t\t<\/div>\n\t\t\t\t<\/div>\n\t\t\t\t\t<\/div>\n\t\t<\/div>\n\t\t\t\t<div class=\"elementor-column elementor-col-33 elementor-top-column elementor-element elementor-element-d627087\" data-id=\"d627087\" data-element_type=\"column\" data-e-type=\"column\">\n\t\t\t<div class=\"elementor-widget-wrap elementor-element-populated\">\n\t\t\t\t\t\t<div class=\"elementor-element elementor-element-9d23c3a elementor-widget elementor-widget-image\" data-id=\"9d23c3a\" data-element_type=\"widget\" data-e-type=\"widget\" data-widget_type=\"image.default\">\n\t\t\t\t<div class=\"elementor-widget-container\">\n\t\t\t\t\t\t\t\t\t\t\t\t\t\t\t\t<a href=\"https:\/\/www.conferencecannabis.ca\/en\/previous-editions\/2019-conference\/\">\n\t\t\t\t\t\t\t<img decoding=\"async\" width=\"500\" height=\"275\" src=\"https:\/\/www.conferencecannabis.ca\/wp-content\/uploads\/2023\/04\/mea-conference-cannabis-2019.png\" class=\"attachment-large size-large wp-image-5265\" alt=\"\" srcset=\"https:\/\/www.conferencecannabis.ca\/wp-content\/uploads\/2023\/04\/mea-conference-cannabis-2019.png 500w, https:\/\/www.conferencecannabis.ca\/wp-content\/uploads\/2023\/04\/mea-conference-cannabis-2019-300x165.png 300w, https:\/\/www.conferencecannabis.ca\/wp-content\/uploads\/2023\/04\/mea-conference-cannabis-2019-400x220.png 400w\" sizes=\"(max-width: 500px) 100vw, 500px\" \/>\t\t\t\t\t\t\t\t<\/a>\n\t\t\t\t\t\t\t\t\t\t\t\t\t\t\t<\/div>\n\t\t\t\t<\/div>\n\t\t\t\t<div class=\"elementor-element elementor-element-c79a6f3 elementor-widget elementor-widget-text-editor\" data-id=\"c79a6f3\" data-element_type=\"widget\" data-e-type=\"widget\" data-widget_type=\"text-editor.default\">\n\t\t\t\t<div class=\"elementor-widget-container\">\n\t\t\t\t\t        <div class=\"elementor-text-editor elementor-clearfix\"><h3 style=\"text-align: center;\"><a href=\"https:\/\/www.conferencecannabis.ca\/en\/previous-editions\/2019-conference\/\">October 10th, 2019<\/a><\/h3><p style=\"text-align: center;\">Hotel Le Bonne Entente<\/p><\/div>\n        \t\t\t\t<\/div>\n\t\t\t\t<\/div>\n\t\t\t\t\t<\/div>\n\t\t<\/div>\n\t\t\t\t\t<\/div>\n\t\t<\/section>\n\t\t\t\t<\/div>\n\t\t","protected":false},"excerpt":{"rendered":"<p>May 19th, 2022 Hotel Plaza Quebec October 7th, 2020 Webinar October 10th, 2019 Hotel Le Bonne Entente<\/p>\n","protected":false},"author":6,"featured_media":0,"parent":0,"menu_order":0,"comment_status":"closed","ping_status":"closed","template":"","meta":{"inline_featured_image":false,"footnotes":""},"class_list":["post-4075","page","type-page","status-publish","hentry"],"yoast_head":"<!-- This site is optimized with the Yoast SEO plugin v27.1.1 - https:\/\/yoast.com\/product\/yoast-seo-wordpress\/ -->\n<title>Previous editions of the Canadian Cannabis Conference<\/title>\n<meta name=\"description\" content=\"Every year, the Canadian Cannabis Conference brings together several players in the cannabis industry from Canada and even Europe\" \/>\n<meta name=\"robots\" content=\"index, follow, max-snippet:-1, max-image-preview:large, max-video-preview:-1\" \/>\n<link rel=\"canonical\" href=\"https:\/\/www.conferencecannabis.ca\/en\/previous-editions\/\" \/>\n<meta property=\"og:locale\" content=\"en_US\" \/>\n<meta property=\"og:type\" content=\"article\" \/>\n<meta property=\"og:title\" content=\"Previous editions of the Canadian Cannabis Conference\" \/>\n<meta property=\"og:description\" content=\"Every year, the Canadian Cannabis Conference brings together several players in the cannabis industry from Canada and even Europe\" \/>\n<meta property=\"og:url\" content=\"https:\/\/www.conferencecannabis.ca\/en\/previous-editions\/\" \/>\n<meta property=\"og:site_name\" content=\"Conf\u00e9rence canadienne sur le cannabis\" \/>\n<meta property=\"article:publisher\" content=\"https:\/\/www.facebook.com\/Conf%c3%a9rence-canadienne-sur-le-cannabis-103896734329729\/\" \/>\n<meta property=\"article:modified_time\" content=\"2023-04-14T20:26:33+00:00\" \/>\n<meta property=\"og:image\" content=\"https:\/\/www.conferencecannabis.ca\/wp-content\/uploads\/2023\/03\/mea-ccc-2023-1200x630-1.jpg\" \/>\n\t<meta property=\"og:image:width\" content=\"1200\" \/>\n\t<meta property=\"og:image:height\" content=\"630\" \/>\n\t<meta property=\"og:image:type\" content=\"image\/jpeg\" \/>\n<meta name=\"twitter:card\" content=\"summary_large_image\" \/>\n<meta name=\"twitter:title\" content=\"Previous editions of the Canadian Cannabis Conference\" \/>\n<meta name=\"twitter:description\" content=\"Every year, the Canadian Cannabis Conference brings together several players in the cannabis industry from Canada and even Europe\" \/>\n<meta name=\"twitter:image\" content=\"https:\/\/www.conferencecannabis.ca\/wp-content\/uploads\/2023\/03\/mea-ccc-2023-1200x630-1.jpg\" \/>\n<meta name=\"twitter:label1\" content=\"Est. reading time\" \/>\n\t<meta name=\"twitter:data1\" content=\"1 minute\" \/>\n<script type=\"application\/ld+json\" class=\"yoast-schema-graph\">{\"@context\":\"https:\/\/schema.org\",\"@graph\":[{\"@type\":\"WebPage\",\"@id\":\"https:\/\/www.conferencecannabis.ca\/en\/previous-editions\/\",\"url\":\"https:\/\/www.conferencecannabis.ca\/en\/previous-editions\/\",\"name\":\"Previous editions of the Canadian Cannabis Conference\",\"isPartOf\":{\"@id\":\"https:\/\/www.conferencecannabis.ca\/en\/#website\"},\"primaryImageOfPage\":{\"@id\":\"https:\/\/www.conferencecannabis.ca\/en\/previous-editions\/#primaryimage\"},\"image\":{\"@id\":\"https:\/\/www.conferencecannabis.ca\/en\/previous-editions\/#primaryimage\"},\"thumbnailUrl\":\"https:\/\/www.conferencecannabis.ca\/wp-content\/uploads\/2023\/04\/mea-conference-cannabis-2022.png\",\"datePublished\":\"2022-03-29T19:43:19+00:00\",\"dateModified\":\"2023-04-14T20:26:33+00:00\",\"description\":\"Every year, the Canadian Cannabis Conference brings together several players in the cannabis industry from Canada and even Europe\",\"breadcrumb\":{\"@id\":\"https:\/\/www.conferencecannabis.ca\/en\/previous-editions\/#breadcrumb\"},\"inLanguage\":\"en-US\",\"potentialAction\":[{\"@type\":\"ReadAction\",\"target\":[\"https:\/\/www.conferencecannabis.ca\/en\/previous-editions\/\"]}]},{\"@type\":\"ImageObject\",\"inLanguage\":\"en-US\",\"@id\":\"https:\/\/www.conferencecannabis.ca\/en\/previous-editions\/#primaryimage\",\"url\":\"https:\/\/www.conferencecannabis.ca\/wp-content\/uploads\/2023\/04\/mea-conference-cannabis-2022.png\",\"contentUrl\":\"https:\/\/www.conferencecannabis.ca\/wp-content\/uploads\/2023\/04\/mea-conference-cannabis-2022.png\"},{\"@type\":\"BreadcrumbList\",\"@id\":\"https:\/\/www.conferencecannabis.ca\/en\/previous-editions\/#breadcrumb\",\"itemListElement\":[{\"@type\":\"ListItem\",\"position\":1,\"name\":\"Accueil\",\"item\":\"https:\/\/www.conferencecannabis.ca\/en\/\"},{\"@type\":\"ListItem\",\"position\":2,\"name\":\"Previous editions\"}]},{\"@type\":\"WebSite\",\"@id\":\"https:\/\/www.conferencecannabis.ca\/en\/#website\",\"url\":\"https:\/\/www.conferencecannabis.ca\/en\/\",\"name\":\"Conf\u00e9rence canadienne sur le cannabis\",\"description\":\"Un \u00e9v\u00e8nement phare sur les derni\u00e8res avanc\u00e9es scientifique en mati\u00e8re de cannabis\",\"publisher\":{\"@id\":\"https:\/\/www.conferencecannabis.ca\/en\/#organization\"},\"potentialAction\":[{\"@type\":\"SearchAction\",\"target\":{\"@type\":\"EntryPoint\",\"urlTemplate\":\"https:\/\/www.conferencecannabis.ca\/en\/?s={search_term_string}\"},\"query-input\":{\"@type\":\"PropertyValueSpecification\",\"valueRequired\":true,\"valueName\":\"search_term_string\"}}],\"inLanguage\":\"en-US\"},{\"@type\":\"Organization\",\"@id\":\"https:\/\/www.conferencecannabis.ca\/en\/#organization\",\"name\":\"Conf\u00e9rence canadienne sur le cannabis\",\"url\":\"https:\/\/www.conferencecannabis.ca\/en\/\",\"logo\":{\"@type\":\"ImageObject\",\"inLanguage\":\"en-US\",\"@id\":\"https:\/\/www.conferencecannabis.ca\/en\/#\/schema\/logo\/image\/\",\"url\":\"https:\/\/www.conferencecannabis.ca\/wp-content\/uploads\/2019\/07\/logo-cannabis-couleur-2.svg\",\"contentUrl\":\"https:\/\/www.conferencecannabis.ca\/wp-content\/uploads\/2019\/07\/logo-cannabis-couleur-2.svg\",\"width\":1,\"height\":1,\"caption\":\"Conf\u00e9rence canadienne sur le cannabis\"},\"image\":{\"@id\":\"https:\/\/www.conferencecannabis.ca\/en\/#\/schema\/logo\/image\/\"},\"sameAs\":[\"https:\/\/www.facebook.com\/Conf\u00e9rence-canadienne-sur-le-cannabis-103896734329729\/\"]}]}<\/script>\n<!-- \/ Yoast SEO plugin. -->","yoast_head_json":{"title":"Previous editions of the Canadian Cannabis Conference","description":"Every year, the Canadian Cannabis Conference brings together several players in the cannabis industry from Canada and even Europe","robots":{"index":"index","follow":"follow","max-snippet":"max-snippet:-1","max-image-preview":"max-image-preview:large","max-video-preview":"max-video-preview:-1"},"canonical":"https:\/\/www.conferencecannabis.ca\/en\/previous-editions\/","og_locale":"en_US","og_type":"article","og_title":"Previous editions of the Canadian Cannabis Conference","og_description":"Every year, the Canadian Cannabis Conference brings together several players in the cannabis industry from Canada and even Europe","og_url":"https:\/\/www.conferencecannabis.ca\/en\/previous-editions\/","og_site_name":"Conf\u00e9rence canadienne sur le cannabis","article_publisher":"https:\/\/www.facebook.com\/Conf%c3%a9rence-canadienne-sur-le-cannabis-103896734329729\/","article_modified_time":"2023-04-14T20:26:33+00:00","og_image":[{"width":1200,"height":630,"url":"https:\/\/www.conferencecannabis.ca\/wp-content\/uploads\/2023\/03\/mea-ccc-2023-1200x630-1.jpg","type":"image\/jpeg"}],"twitter_card":"summary_large_image","twitter_title":"Previous editions of the Canadian Cannabis Conference","twitter_description":"Every year, the Canadian Cannabis Conference brings together several players in the cannabis industry from Canada and even Europe","twitter_image":"https:\/\/www.conferencecannabis.ca\/wp-content\/uploads\/2023\/03\/mea-ccc-2023-1200x630-1.jpg","twitter_misc":{"Est. reading time":"1 minute"},"schema":{"@context":"https:\/\/schema.org","@graph":[{"@type":"WebPage","@id":"https:\/\/www.conferencecannabis.ca\/en\/previous-editions\/","url":"https:\/\/www.conferencecannabis.ca\/en\/previous-editions\/","name":"Previous editions of the Canadian Cannabis Conference","isPartOf":{"@id":"https:\/\/www.conferencecannabis.ca\/en\/#website"},"primaryImageOfPage":{"@id":"https:\/\/www.conferencecannabis.ca\/en\/previous-editions\/#primaryimage"},"image":{"@id":"https:\/\/www.conferencecannabis.ca\/en\/previous-editions\/#primaryimage"},"thumbnailUrl":"https:\/\/www.conferencecannabis.ca\/wp-content\/uploads\/2023\/04\/mea-conference-cannabis-2022.png","datePublished":"2022-03-29T19:43:19+00:00","dateModified":"2023-04-14T20:26:33+00:00","description":"Every year, the Canadian Cannabis Conference brings together several players in the cannabis industry from Canada and even Europe","breadcrumb":{"@id":"https:\/\/www.conferencecannabis.ca\/en\/previous-editions\/#breadcrumb"},"inLanguage":"en-US","potentialAction":[{"@type":"ReadAction","target":["https:\/\/www.conferencecannabis.ca\/en\/previous-editions\/"]}]},{"@type":"ImageObject","inLanguage":"en-US","@id":"https:\/\/www.conferencecannabis.ca\/en\/previous-editions\/#primaryimage","url":"https:\/\/www.conferencecannabis.ca\/wp-content\/uploads\/2023\/04\/mea-conference-cannabis-2022.png","contentUrl":"https:\/\/www.conferencecannabis.ca\/wp-content\/uploads\/2023\/04\/mea-conference-cannabis-2022.png"},{"@type":"BreadcrumbList","@id":"https:\/\/www.conferencecannabis.ca\/en\/previous-editions\/#breadcrumb","itemListElement":[{"@type":"ListItem","position":1,"name":"Accueil","item":"https:\/\/www.conferencecannabis.ca\/en\/"},{"@type":"ListItem","position":2,"name":"Previous editions"}]},{"@type":"WebSite","@id":"https:\/\/www.conferencecannabis.ca\/en\/#website","url":"https:\/\/www.conferencecannabis.ca\/en\/","name":"Conf\u00e9rence canadienne sur le cannabis","description":"Un \u00e9v\u00e8nement phare sur les derni\u00e8res avanc\u00e9es scientifique en mati\u00e8re de cannabis","publisher":{"@id":"https:\/\/www.conferencecannabis.ca\/en\/#organization"},"potentialAction":[{"@type":"SearchAction","target":{"@type":"EntryPoint","urlTemplate":"https:\/\/www.conferencecannabis.ca\/en\/?s={search_term_string}"},"query-input":{"@type":"PropertyValueSpecification","valueRequired":true,"valueName":"search_term_string"}}],"inLanguage":"en-US"},{"@type":"Organization","@id":"https:\/\/www.conferencecannabis.ca\/en\/#organization","name":"Conf\u00e9rence canadienne sur le cannabis","url":"https:\/\/www.conferencecannabis.ca\/en\/","logo":{"@type":"ImageObject","inLanguage":"en-US","@id":"https:\/\/www.conferencecannabis.ca\/en\/#\/schema\/logo\/image\/","url":"https:\/\/www.conferencecannabis.ca\/wp-content\/uploads\/2019\/07\/logo-cannabis-couleur-2.svg","contentUrl":"https:\/\/www.conferencecannabis.ca\/wp-content\/uploads\/2019\/07\/logo-cannabis-couleur-2.svg","width":1,"height":1,"caption":"Conf\u00e9rence canadienne sur le cannabis"},"image":{"@id":"https:\/\/www.conferencecannabis.ca\/en\/#\/schema\/logo\/image\/"},"sameAs":["https:\/\/www.facebook.com\/Conf\u00e9rence-canadienne-sur-le-cannabis-103896734329729\/"]}]}},"_links":{"self":[{"href":"https:\/\/www.conferencecannabis.ca\/en\/wp-json\/wp\/v2\/pages\/4075","targetHints":{"allow":["GET"]}}],"collection":[{"href":"https:\/\/www.conferencecannabis.ca\/en\/wp-json\/wp\/v2\/pages"}],"about":[{"href":"https:\/\/www.conferencecannabis.ca\/en\/wp-json\/wp\/v2\/types\/page"}],"author":[{"embeddable":true,"href":"https:\/\/www.conferencecannabis.ca\/en\/wp-json\/wp\/v2\/users\/6"}],"replies":[{"embeddable":true,"href":"https:\/\/www.conferencecannabis.ca\/en\/wp-json\/wp\/v2\/comments?post=4075"}],"version-history":[{"count":24,"href":"https:\/\/www.conferencecannabis.ca\/en\/wp-json\/wp\/v2\/pages\/4075\/revisions"}],"predecessor-version":[{"id":5640,"href":"https:\/\/www.conferencecannabis.ca\/en\/wp-json\/wp\/v2\/pages\/4075\/revisions\/5640"}],"wp:attachment":[{"href":"https:\/\/www.conferencecannabis.ca\/en\/wp-json\/wp\/v2\/media?parent=4075"}],"curies":[{"name":"wp","href":"https:\/\/api.w.org\/{rel}","templated":true}]}}