{"id":5376,"date":"2023-04-11T16:11:13","date_gmt":"2023-04-11T20:11:13","guid":{"rendered":"https:\/\/www.conferencecannabis.ca\/?page_id=5376"},"modified":"2024-04-25T22:34:14","modified_gmt":"2024-04-26T02:34:14","slug":"our-sponsors","status":"publish","type":"page","link":"https:\/\/www.conferencecannabis.ca\/en\/previous-editions\/2023-conference\/our-sponsors\/","title":{"rendered":"Sponsors"},"content":{"rendered":"","protected":false},"excerpt":{"rendered":"","protected":false},"author":6,"featured_media":5641,"parent":4917,"menu_order":0,"comment_status":"closed","ping_status":"closed","template":"","meta":{"inline_featured_image":false,"footnotes":""},"class_list":["post-5376","page","type-page","status-publish","has-post-thumbnail","hentry"],"yoast_head":"<!-- This site is optimized with the Yoast SEO plugin v27.1.1 - https:\/\/yoast.com\/product\/yoast-seo-wordpress\/ -->\n<title>Sponsors of the Canadian Cannabis Conference<\/title>\n<meta name=\"description\" content=\"Many thanks to AQIC, INAF, KPMG and AON for their support!\" \/>\n<meta name=\"robots\" content=\"index, follow, max-snippet:-1, max-image-preview:large, max-video-preview:-1\" \/>\n<link rel=\"canonical\" href=\"https:\/\/www.conferencecannabis.ca\/en\/previous-editions\/2023-conference\/our-sponsors\/\" \/>\n<meta property=\"og:locale\" content=\"en_US\" \/>\n<meta property=\"og:type\" content=\"article\" \/>\n<meta property=\"og:title\" content=\"Sponsors of the Canadian Cannabis Conference\" \/>\n<meta property=\"og:description\" content=\"Many thanks to AQIC, INAF, KPMG and AON for their support!\" \/>\n<meta property=\"og:url\" content=\"https:\/\/www.conferencecannabis.ca\/en\/previous-editions\/2023-conference\/our-sponsors\/\" \/>\n<meta property=\"og:site_name\" content=\"Conf\u00e9rence canadienne sur le cannabis\" \/>\n<meta property=\"article:publisher\" content=\"https:\/\/www.facebook.com\/Conf%c3%a9rence-canadienne-sur-le-cannabis-103896734329729\/\" \/>\n<meta property=\"article:modified_time\" content=\"2024-04-26T02:34:14+00:00\" \/>\n<meta property=\"og:image\" content=\"https:\/\/www.conferencecannabis.ca\/wp-content\/uploads\/2023\/08\/conference-canadienne-sur-le-cannabis-2023-1200x630-1.png\" \/>\n\t<meta property=\"og:image:width\" content=\"1200\" \/>\n\t<meta property=\"og:image:height\" content=\"630\" \/>\n\t<meta property=\"og:image:type\" content=\"image\/png\" \/>\n<meta name=\"twitter:card\" content=\"summary_large_image\" \/>\n<meta name=\"twitter:title\" content=\"Sponsors of the Canadian Cannabis Conference\" \/>\n<meta name=\"twitter:description\" content=\"Many thanks to AQIC, INAF, KPMG and AON for their support!\" \/>\n<meta name=\"twitter:image\" content=\"https:\/\/www.conferencecannabis.ca\/wp-content\/uploads\/2023\/08\/conference-canadienne-sur-le-cannabis-2023-1200x630-1.png\" \/>\n<script type=\"application\/ld+json\" class=\"yoast-schema-graph\">{\"@context\":\"https:\/\/schema.org\",\"@graph\":[{\"@type\":\"WebPage\",\"@id\":\"https:\/\/www.conferencecannabis.ca\/en\/previous-editions\/2023-conference\/our-sponsors\/\",\"url\":\"https:\/\/www.conferencecannabis.ca\/en\/previous-editions\/2023-conference\/our-sponsors\/\",\"name\":\"Sponsors of the Canadian Cannabis Conference\",\"isPartOf\":{\"@id\":\"https:\/\/www.conferencecannabis.ca\/en\/#website\"},\"primaryImageOfPage\":{\"@id\":\"https:\/\/www.conferencecannabis.ca\/en\/previous-editions\/2023-conference\/our-sponsors\/#primaryimage\"},\"image\":{\"@id\":\"https:\/\/www.conferencecannabis.ca\/en\/previous-editions\/2023-conference\/our-sponsors\/#primaryimage\"},\"thumbnailUrl\":\"https:\/\/www.conferencecannabis.ca\/wp-content\/uploads\/2023\/04\/sponsors-500.png\",\"datePublished\":\"2023-04-11T20:11:13+00:00\",\"dateModified\":\"2024-04-26T02:34:14+00:00\",\"description\":\"Many thanks to AQIC, INAF, KPMG and AON for their support!\",\"breadcrumb\":{\"@id\":\"https:\/\/www.conferencecannabis.ca\/en\/previous-editions\/2023-conference\/our-sponsors\/#breadcrumb\"},\"inLanguage\":\"en-US\",\"potentialAction\":[{\"@type\":\"ReadAction\",\"target\":[\"https:\/\/www.conferencecannabis.ca\/en\/previous-editions\/2023-conference\/our-sponsors\/\"]}]},{\"@type\":\"ImageObject\",\"inLanguage\":\"en-US\",\"@id\":\"https:\/\/www.conferencecannabis.ca\/en\/previous-editions\/2023-conference\/our-sponsors\/#primaryimage\",\"url\":\"https:\/\/www.conferencecannabis.ca\/wp-content\/uploads\/2023\/04\/sponsors-500.png\",\"contentUrl\":\"https:\/\/www.conferencecannabis.ca\/wp-content\/uploads\/2023\/04\/sponsors-500.png\",\"width\":500,\"height\":500},{\"@type\":\"BreadcrumbList\",\"@id\":\"https:\/\/www.conferencecannabis.ca\/en\/previous-editions\/2023-conference\/our-sponsors\/#breadcrumb\",\"itemListElement\":[{\"@type\":\"ListItem\",\"position\":1,\"name\":\"Accueil\",\"item\":\"https:\/\/www.conferencecannabis.ca\/en\/\"},{\"@type\":\"ListItem\",\"position\":2,\"name\":\"Previous editions\",\"item\":\"https:\/\/www.conferencecannabis.ca\/en\/previous-editions\/\"},{\"@type\":\"ListItem\",\"position\":3,\"name\":\"2023 Conference\",\"item\":\"https:\/\/www.conferencecannabis.ca\/en\/2023-conference\/\"},{\"@type\":\"ListItem\",\"position\":4,\"name\":\"Sponsors\"}]},{\"@type\":\"WebSite\",\"@id\":\"https:\/\/www.conferencecannabis.ca\/en\/#website\",\"url\":\"https:\/\/www.conferencecannabis.ca\/en\/\",\"name\":\"Conf\u00e9rence canadienne sur le cannabis\",\"description\":\"Un \u00e9v\u00e8nement phare sur les derni\u00e8res avanc\u00e9es scientifique en mati\u00e8re de cannabis\",\"publisher\":{\"@id\":\"https:\/\/www.conferencecannabis.ca\/en\/#organization\"},\"potentialAction\":[{\"@type\":\"SearchAction\",\"target\":{\"@type\":\"EntryPoint\",\"urlTemplate\":\"https:\/\/www.conferencecannabis.ca\/en\/?s={search_term_string}\"},\"query-input\":{\"@type\":\"PropertyValueSpecification\",\"valueRequired\":true,\"valueName\":\"search_term_string\"}}],\"inLanguage\":\"en-US\"},{\"@type\":\"Organization\",\"@id\":\"https:\/\/www.conferencecannabis.ca\/en\/#organization\",\"name\":\"Conf\u00e9rence canadienne sur le cannabis\",\"url\":\"https:\/\/www.conferencecannabis.ca\/en\/\",\"logo\":{\"@type\":\"ImageObject\",\"inLanguage\":\"en-US\",\"@id\":\"https:\/\/www.conferencecannabis.ca\/en\/#\/schema\/logo\/image\/\",\"url\":\"https:\/\/www.conferencecannabis.ca\/wp-content\/uploads\/2019\/07\/logo-cannabis-couleur-2.svg\",\"contentUrl\":\"https:\/\/www.conferencecannabis.ca\/wp-content\/uploads\/2019\/07\/logo-cannabis-couleur-2.svg\",\"width\":1,\"height\":1,\"caption\":\"Conf\u00e9rence canadienne sur le cannabis\"},\"image\":{\"@id\":\"https:\/\/www.conferencecannabis.ca\/en\/#\/schema\/logo\/image\/\"},\"sameAs\":[\"https:\/\/www.facebook.com\/Conf\u00e9rence-canadienne-sur-le-cannabis-103896734329729\/\"]}]}<\/script>\n<!-- \/ Yoast SEO plugin. -->","yoast_head_json":{"title":"Sponsors of the Canadian Cannabis Conference","description":"Many thanks to AQIC, INAF, KPMG and AON for their support!","robots":{"index":"index","follow":"follow","max-snippet":"max-snippet:-1","max-image-preview":"max-image-preview:large","max-video-preview":"max-video-preview:-1"},"canonical":"https:\/\/www.conferencecannabis.ca\/en\/previous-editions\/2023-conference\/our-sponsors\/","og_locale":"en_US","og_type":"article","og_title":"Sponsors of the Canadian Cannabis Conference","og_description":"Many thanks to AQIC, INAF, KPMG and AON for their support!","og_url":"https:\/\/www.conferencecannabis.ca\/en\/previous-editions\/2023-conference\/our-sponsors\/","og_site_name":"Conf\u00e9rence canadienne sur le cannabis","article_publisher":"https:\/\/www.facebook.com\/Conf%c3%a9rence-canadienne-sur-le-cannabis-103896734329729\/","article_modified_time":"2024-04-26T02:34:14+00:00","og_image":[{"width":1200,"height":630,"url":"https:\/\/www.conferencecannabis.ca\/wp-content\/uploads\/2023\/08\/conference-canadienne-sur-le-cannabis-2023-1200x630-1.png","type":"image\/png"}],"twitter_card":"summary_large_image","twitter_title":"Sponsors of the Canadian Cannabis Conference","twitter_description":"Many thanks to AQIC, INAF, KPMG and AON for their support!","twitter_image":"https:\/\/www.conferencecannabis.ca\/wp-content\/uploads\/2023\/08\/conference-canadienne-sur-le-cannabis-2023-1200x630-1.png","schema":{"@context":"https:\/\/schema.org","@graph":[{"@type":"WebPage","@id":"https:\/\/www.conferencecannabis.ca\/en\/previous-editions\/2023-conference\/our-sponsors\/","url":"https:\/\/www.conferencecannabis.ca\/en\/previous-editions\/2023-conference\/our-sponsors\/","name":"Sponsors of the Canadian Cannabis Conference","isPartOf":{"@id":"https:\/\/www.conferencecannabis.ca\/en\/#website"},"primaryImageOfPage":{"@id":"https:\/\/www.conferencecannabis.ca\/en\/previous-editions\/2023-conference\/our-sponsors\/#primaryimage"},"image":{"@id":"https:\/\/www.conferencecannabis.ca\/en\/previous-editions\/2023-conference\/our-sponsors\/#primaryimage"},"thumbnailUrl":"https:\/\/www.conferencecannabis.ca\/wp-content\/uploads\/2023\/04\/sponsors-500.png","datePublished":"2023-04-11T20:11:13+00:00","dateModified":"2024-04-26T02:34:14+00:00","description":"Many thanks to AQIC, INAF, KPMG and AON for their support!","breadcrumb":{"@id":"https:\/\/www.conferencecannabis.ca\/en\/previous-editions\/2023-conference\/our-sponsors\/#breadcrumb"},"inLanguage":"en-US","potentialAction":[{"@type":"ReadAction","target":["https:\/\/www.conferencecannabis.ca\/en\/previous-editions\/2023-conference\/our-sponsors\/"]}]},{"@type":"ImageObject","inLanguage":"en-US","@id":"https:\/\/www.conferencecannabis.ca\/en\/previous-editions\/2023-conference\/our-sponsors\/#primaryimage","url":"https:\/\/www.conferencecannabis.ca\/wp-content\/uploads\/2023\/04\/sponsors-500.png","contentUrl":"https:\/\/www.conferencecannabis.ca\/wp-content\/uploads\/2023\/04\/sponsors-500.png","width":500,"height":500},{"@type":"BreadcrumbList","@id":"https:\/\/www.conferencecannabis.ca\/en\/previous-editions\/2023-conference\/our-sponsors\/#breadcrumb","itemListElement":[{"@type":"ListItem","position":1,"name":"Accueil","item":"https:\/\/www.conferencecannabis.ca\/en\/"},{"@type":"ListItem","position":2,"name":"Previous editions","item":"https:\/\/www.conferencecannabis.ca\/en\/previous-editions\/"},{"@type":"ListItem","position":3,"name":"2023 Conference","item":"https:\/\/www.conferencecannabis.ca\/en\/2023-conference\/"},{"@type":"ListItem","position":4,"name":"Sponsors"}]},{"@type":"WebSite","@id":"https:\/\/www.conferencecannabis.ca\/en\/#website","url":"https:\/\/www.conferencecannabis.ca\/en\/","name":"Conf\u00e9rence canadienne sur le cannabis","description":"Un \u00e9v\u00e8nement phare sur les derni\u00e8res avanc\u00e9es scientifique en mati\u00e8re de cannabis","publisher":{"@id":"https:\/\/www.conferencecannabis.ca\/en\/#organization"},"potentialAction":[{"@type":"SearchAction","target":{"@type":"EntryPoint","urlTemplate":"https:\/\/www.conferencecannabis.ca\/en\/?s={search_term_string}"},"query-input":{"@type":"PropertyValueSpecification","valueRequired":true,"valueName":"search_term_string"}}],"inLanguage":"en-US"},{"@type":"Organization","@id":"https:\/\/www.conferencecannabis.ca\/en\/#organization","name":"Conf\u00e9rence canadienne sur le cannabis","url":"https:\/\/www.conferencecannabis.ca\/en\/","logo":{"@type":"ImageObject","inLanguage":"en-US","@id":"https:\/\/www.conferencecannabis.ca\/en\/#\/schema\/logo\/image\/","url":"https:\/\/www.conferencecannabis.ca\/wp-content\/uploads\/2019\/07\/logo-cannabis-couleur-2.svg","contentUrl":"https:\/\/www.conferencecannabis.ca\/wp-content\/uploads\/2019\/07\/logo-cannabis-couleur-2.svg","width":1,"height":1,"caption":"Conf\u00e9rence canadienne sur le cannabis"},"image":{"@id":"https:\/\/www.conferencecannabis.ca\/en\/#\/schema\/logo\/image\/"},"sameAs":["https:\/\/www.facebook.com\/Conf\u00e9rence-canadienne-sur-le-cannabis-103896734329729\/"]}]}},"_links":{"self":[{"href":"https:\/\/www.conferencecannabis.ca\/en\/wp-json\/wp\/v2\/pages\/5376","targetHints":{"allow":["GET"]}}],"collection":[{"href":"https:\/\/www.conferencecannabis.ca\/en\/wp-json\/wp\/v2\/pages"}],"about":[{"href":"https:\/\/www.conferencecannabis.ca\/en\/wp-json\/wp\/v2\/types\/page"}],"author":[{"embeddable":true,"href":"https:\/\/www.conferencecannabis.ca\/en\/wp-json\/wp\/v2\/users\/6"}],"replies":[{"embeddable":true,"href":"https:\/\/www.conferencecannabis.ca\/en\/wp-json\/wp\/v2\/comments?post=5376"}],"version-history":[{"count":2,"href":"https:\/\/www.conferencecannabis.ca\/en\/wp-json\/wp\/v2\/pages\/5376\/revisions"}],"predecessor-version":[{"id":7268,"href":"https:\/\/www.conferencecannabis.ca\/en\/wp-json\/wp\/v2\/pages\/5376\/revisions\/7268"}],"up":[{"embeddable":true,"href":"https:\/\/www.conferencecannabis.ca\/en\/wp-json\/wp\/v2\/pages\/4917"}],"wp:featuredmedia":[{"embeddable":true,"href":"https:\/\/www.conferencecannabis.ca\/en\/wp-json\/wp\/v2\/media\/5641"}],"wp:attachment":[{"href":"https:\/\/www.conferencecannabis.ca\/en\/wp-json\/wp\/v2\/media?parent=5376"}],"curies":[{"name":"wp","href":"https:\/\/api.w.org\/{rel}","templated":true}]}}