{"id":5400,"date":"2023-04-11T16:37:12","date_gmt":"2023-04-11T20:37:12","guid":{"rendered":"https:\/\/www.conferencecannabis.ca\/?page_id=5400"},"modified":"2023-04-12T17:23:35","modified_gmt":"2023-04-12T21:23:35","slug":"inaf","status":"publish","type":"page","link":"https:\/\/www.conferencecannabis.ca\/en\/previous-editions\/2023-conference\/our-sponsors\/inaf\/","title":{"rendered":"INAF"},"content":{"rendered":"\t\t<div data-elementor-type=\"wp-page\" data-elementor-id=\"5400\" class=\"elementor elementor-5400 elementor-5320\" data-elementor-post-type=\"page\">\n\t\t\t\t\t\t<section class=\"elementor-section elementor-top-section elementor-element elementor-element-b450c9a elementor-section-boxed elementor-section-height-default elementor-section-height-default\" data-id=\"b450c9a\" data-element_type=\"section\" data-e-type=\"section\">\n\t\t\t\t\t\t<div class=\"elementor-container elementor-column-gap-default\">\n\t\t\t\t\t<div class=\"elementor-column elementor-col-50 elementor-top-column elementor-element elementor-element-ce91112\" data-id=\"ce91112\" data-element_type=\"column\" data-e-type=\"column\">\n\t\t\t<div class=\"elementor-widget-wrap elementor-element-populated\">\n\t\t\t\t\t\t<div class=\"elementor-element elementor-element-034078c elementor-widget elementor-widget-text-editor\" data-id=\"034078c\" data-element_type=\"widget\" data-e-type=\"widget\" data-widget_type=\"text-editor.default\">\n\t\t\t\t<div class=\"elementor-widget-container\">\n\t\t\t\t\t        <div class=\"elementor-text-editor elementor-clearfix\"><h2>INAF \u2013 Institute of Nutrition and Functional Foods<\/h2><p><strong>Sponsor of the Canadian Cannabis Conference<\/strong><\/p><\/div>\n        \t\t\t\t<\/div>\n\t\t\t\t<\/div>\n\t\t\t\t\t<\/div>\n\t\t<\/div>\n\t\t\t\t<div class=\"elementor-column elementor-col-50 elementor-top-column elementor-element elementor-element-9564b8f\" data-id=\"9564b8f\" data-element_type=\"column\" data-e-type=\"column\">\n\t\t\t<div class=\"elementor-widget-wrap elementor-element-populated\">\n\t\t\t\t\t\t<div class=\"elementor-element elementor-element-be89f78 elementor-widget elementor-widget-image\" data-id=\"be89f78\" data-element_type=\"widget\" data-e-type=\"widget\" data-widget_type=\"image.default\">\n\t\t\t\t<div class=\"elementor-widget-container\">\n\t\t\t\t\t\t\t\t\t\t\t\t\t\t\t\t<a href=\"https:\/\/www.inaf.ulaval.ca\/en\/\" target=\"_blank\">\n\t\t\t\t\t\t\t<img fetchpriority=\"high\" decoding=\"async\" width=\"500\" height=\"250\" src=\"https:\/\/www.conferencecannabis.ca\/wp-content\/uploads\/2019\/07\/logo-inaf-b500.png\" class=\"attachment-large size-large wp-image-5243\" alt=\"\" srcset=\"https:\/\/www.conferencecannabis.ca\/wp-content\/uploads\/2019\/07\/logo-inaf-b500.png 500w, https:\/\/www.conferencecannabis.ca\/wp-content\/uploads\/2019\/07\/logo-inaf-b500-300x150.png 300w, https:\/\/www.conferencecannabis.ca\/wp-content\/uploads\/2019\/07\/logo-inaf-b500-400x200.png 400w\" sizes=\"(max-width: 500px) 100vw, 500px\" \/>\t\t\t\t\t\t\t\t<\/a>\n\t\t\t\t\t\t\t\t\t\t\t\t\t\t\t<\/div>\n\t\t\t\t<\/div>\n\t\t\t\t\t<\/div>\n\t\t<\/div>\n\t\t\t\t\t<\/div>\n\t\t<\/section>\n\t\t\t\t<section class=\"elementor-section elementor-top-section elementor-element elementor-element-c0d9e77 elementor-section-boxed elementor-section-height-default elementor-section-height-default\" data-id=\"c0d9e77\" data-element_type=\"section\" data-e-type=\"section\">\n\t\t\t\t\t\t<div class=\"elementor-container elementor-column-gap-default\">\n\t\t\t\t\t<div class=\"elementor-column elementor-col-100 elementor-top-column elementor-element elementor-element-2432a7c\" data-id=\"2432a7c\" data-element_type=\"column\" data-e-type=\"column\">\n\t\t\t<div class=\"elementor-widget-wrap elementor-element-populated\">\n\t\t\t\t\t\t<div class=\"elementor-element elementor-element-8048fe5 elementor-widget elementor-widget-text-editor\" data-id=\"8048fe5\" data-element_type=\"widget\" data-e-type=\"widget\" data-widget_type=\"text-editor.default\">\n\t\t\t\t<div class=\"elementor-widget-container\">\n\t\t\t\t\t        <div class=\"elementor-text-editor elementor-clearfix\"><p>The Institute of Nutrition and Functional Foods (INAF) is the largest grouping of researchers in Canada dedicated to research and innovation in the area of foods and health. Nearly 775 scientists are working synergistically to come up with solutions to complex issues of the sustainable food supply for the benefit of a healthy bio-food sector, population, and planet.<\/p><p><span style=\"font-size: 1rem;\">Founded at Universit\u00e9 Laval in the early 2000s, the INAF is a multi-faculty institute whose experts come mostly from the Faculty of Agricultural and Food Sciences, as well as the faculties of medicine and pharmacy. Recognized and funded by Universit\u00e9 Laval and the Fonds de recherche du Qu\u00e9bec \u2013 Nature et Technologies (FRQNT), the INAF acts as a strategic grouping in food for Quebec. Its 127 researchers are from the three major sectors of Quebec research (nature and technology, health sciences, society, and culture) and come from 15 universities and affiliated research organizations.<\/span><\/p><p><span style=\"font-size: 1rem;\">Some 500 graduate students are benefiting each year from supervision in this exceptional environment and more than 200 private and community partners collaborating with INAF scientists in research and development.<\/span><\/p><h4>OUR\u00a0MISSION<\/h4><p>Contributing to a sustainable food supply through:<\/p><ul><li>leading-edge RESEARCH,<\/li><li>TRAINING of highly qualified personnel,<\/li><li>TRANSFER of knowledge and technologies,<\/li><li>INNOVATION support in industry and professional practices.<\/li><\/ul><h4>OUR VISION<\/h4><p>Becoming a real driver of change in food thanks to committed scientists, interdisciplinary, participatory and cutting-edge research approaches as well as actions aligned with the community needs.<\/p><h4>OUR VALUES<\/h4><p>Excellence, ethics and transparency, rigour, collaboration and sharing, creativity, commitment, social utility.<\/p><\/div>\n        \t\t\t\t<\/div>\n\t\t\t\t<\/div>\n\t\t\t\t<div class=\"elementor-element elementor-element-6b001af elementor-widget elementor-widget-spacer\" data-id=\"6b001af\" data-element_type=\"widget\" data-e-type=\"widget\" data-widget_type=\"spacer.default\">\n\t\t\t\t<div class=\"elementor-widget-container\">\n\t\t\t\t\t\t\t<div class=\"elementor-spacer\">\n\t\t\t<div class=\"elementor-spacer-inner\"><\/div>\n\t\t<\/div>\n\t\t\t\t\t\t<\/div>\n\t\t\t\t<\/div>\n\t\t\t\t\t<\/div>\n\t\t<\/div>\n\t\t\t\t\t<\/div>\n\t\t<\/section>\n\t\t\t\t<section class=\"elementor-section elementor-top-section elementor-element elementor-element-3587739 elementor-section-boxed elementor-section-height-default elementor-section-height-default\" data-id=\"3587739\" data-element_type=\"section\" data-e-type=\"section\">\n\t\t\t\t\t\t<div class=\"elementor-container elementor-column-gap-default\">\n\t\t\t\t\t<div class=\"elementor-column elementor-col-50 elementor-top-column elementor-element elementor-element-92bd9fe\" data-id=\"92bd9fe\" data-element_type=\"column\" data-e-type=\"column\">\n\t\t\t<div class=\"elementor-widget-wrap elementor-element-populated\">\n\t\t\t\t\t\t<div class=\"elementor-element elementor-element-15b624b elementor-button-primary elementor-widget elementor-widget-button\" data-id=\"15b624b\" data-element_type=\"widget\" data-e-type=\"widget\" data-widget_type=\"button.default\">\n\t\t\t\t<div class=\"elementor-widget-container\">\n\t\t\t\t\t        <div class=\"elementor-button-wrapper\">\n            <a href=\"https:\/\/www.inaf.ulaval.ca\/en\/\" class=\"elementor-button-link elementor-button elementor-size-md\" target=\"_blank\" role=\"button\">\n                \t\t<span class=\"elementor-button-content-wrapper\">\n\t\t\t\t\t\t\t\t\t<span class=\"elementor-button-text\">Visit the website<\/span>\n\t\t\t\t\t<\/span>\n\t\t            <\/a>\n        <\/div>\n        \t\t\t\t<\/div>\n\t\t\t\t<\/div>\n\t\t\t\t\t<\/div>\n\t\t<\/div>\n\t\t\t\t<div class=\"elementor-column elementor-col-50 elementor-top-column elementor-element elementor-element-93d4046\" data-id=\"93d4046\" data-element_type=\"column\" data-e-type=\"column\">\n\t\t\t<div class=\"elementor-widget-wrap elementor-element-populated\">\n\t\t\t\t\t\t<div class=\"elementor-element elementor-element-04c01cd elementor-shape-circle e-grid-align-left elementor-grid-0 elementor-widget elementor-widget-social-icons\" data-id=\"04c01cd\" data-element_type=\"widget\" data-e-type=\"widget\" data-widget_type=\"social-icons.default\">\n\t\t\t\t<div class=\"elementor-widget-container\">\n\t\t\t\t\t\t\t<div class=\"elementor-social-icons-wrapper elementor-grid\" role=\"list\">\n\t\t\t\t\t\t\t<span class=\"elementor-grid-item\" role=\"listitem\">\n\t\t\t\t\t<a class=\"elementor-icon elementor-social-icon elementor-social-icon-twitter elementor-repeater-item-89ea609\" href=\"https:\/\/twitter.com\/INAF_Qc\" target=\"_blank\">\n\t\t\t\t\t\t<span class=\"elementor-screen-only\">Twitter<\/span>\n\t\t\t\t\t\t<i aria-hidden=\"true\" class=\"fab fa-twitter\"><\/i>\t\t\t\t\t<\/a>\n\t\t\t\t<\/span>\n\t\t\t\t\t\t\t<span class=\"elementor-grid-item\" role=\"listitem\">\n\t\t\t\t\t<a class=\"elementor-icon elementor-social-icon elementor-social-icon-linkedin elementor-repeater-item-b9020be\" href=\"https:\/\/www.linkedin.com\/company\/inafqc\" target=\"_blank\">\n\t\t\t\t\t\t<span class=\"elementor-screen-only\">Linkedin<\/span>\n\t\t\t\t\t\t<i aria-hidden=\"true\" class=\"fab fa-linkedin\"><\/i>\t\t\t\t\t<\/a>\n\t\t\t\t<\/span>\n\t\t\t\t\t\t\t<span class=\"elementor-grid-item\" role=\"listitem\">\n\t\t\t\t\t<a class=\"elementor-icon elementor-social-icon elementor-social-icon-facebook elementor-repeater-item-0d01efd\" href=\"https:\/\/www.facebook.com\/inafqc\" target=\"_blank\">\n\t\t\t\t\t\t<span class=\"elementor-screen-only\">Facebook<\/span>\n\t\t\t\t\t\t<i aria-hidden=\"true\" class=\"fab fa-facebook\"><\/i>\t\t\t\t\t<\/a>\n\t\t\t\t<\/span>\n\t\t\t\t\t<\/div>\n\t\t\t\t\t\t<\/div>\n\t\t\t\t<\/div>\n\t\t\t\t\t<\/div>\n\t\t<\/div>\n\t\t\t\t\t<\/div>\n\t\t<\/section>\n\t\t\t\t<\/div>\n\t\t","protected":false},"excerpt":{"rendered":"<p>INAF \u2013 Institute of Nutrition and Functional Foods Sponsor of the Canadian Cannabis Conference The Institute of Nutrition and Functional Foods (INAF) is the largest grouping of researchers in Canada dedicated to research and innovation in the area of foods and health. Nearly 775 scientists are working synergistically to come up with solutions to complex &hellip; <span class=\"more-link-wrap\"><a href=\"https:\/\/www.conferencecannabis.ca\/en\/previous-editions\/2023-conference\/our-sponsors\/inaf\/\" class=\"more-link\">Read More <span class=\"screen-reader-text\"> &#8220;INAF&#8221;<\/span><\/a><\/span><\/p>\n","protected":false},"author":6,"featured_media":5323,"parent":5376,"menu_order":0,"comment_status":"closed","ping_status":"closed","template":"","meta":{"inline_featured_image":false,"footnotes":""},"class_list":["post-5400","page","type-page","status-publish","has-post-thumbnail","hentry"],"yoast_head":"<!-- This site is optimized with the Yoast SEO plugin v27.5 - https:\/\/yoast.com\/product\/yoast-seo-wordpress\/ -->\n<title>Our Sponsor: INAF<\/title>\n<meta name=\"description\" content=\"The Institute of Nutrition and Functional Foods (INAF) is the largest group of researchers in Canada dedicated to research and innovation in the field of food and health\" \/>\n<meta name=\"robots\" content=\"index, follow, max-snippet:-1, max-image-preview:large, max-video-preview:-1\" \/>\n<link rel=\"canonical\" href=\"https:\/\/www.conferencecannabis.ca\/en\/previous-editions\/2023-conference\/our-sponsors\/inaf\/\" \/>\n<meta property=\"og:locale\" content=\"en_US\" \/>\n<meta property=\"og:type\" content=\"article\" \/>\n<meta property=\"og:title\" content=\"Our Sponsor: INAF\" \/>\n<meta property=\"og:description\" content=\"The Institute of Nutrition and Functional Foods (INAF) is the largest group of researchers in Canada dedicated to research and innovation in the field of food and health\" \/>\n<meta property=\"og:url\" content=\"https:\/\/www.conferencecannabis.ca\/en\/previous-editions\/2023-conference\/our-sponsors\/inaf\/\" \/>\n<meta property=\"og:site_name\" content=\"Conf\u00e9rence canadienne sur le cannabis\" \/>\n<meta property=\"article:publisher\" content=\"https:\/\/www.facebook.com\/Conf%c3%a9rence-canadienne-sur-le-cannabis-103896734329729\/\" \/>\n<meta property=\"article:modified_time\" content=\"2023-04-12T21:23:35+00:00\" \/>\n<meta property=\"og:image\" content=\"https:\/\/www.conferencecannabis.ca\/wp-content\/uploads\/2023\/04\/logo-complet-inaf-500.png\" \/>\n\t<meta property=\"og:image:width\" content=\"500\" \/>\n\t<meta property=\"og:image:height\" content=\"500\" \/>\n\t<meta property=\"og:image:type\" content=\"image\/png\" \/>\n<meta name=\"twitter:card\" content=\"summary_large_image\" \/>\n<meta name=\"twitter:label1\" content=\"Est. reading time\" \/>\n\t<meta name=\"twitter:data1\" content=\"2 minutes\" \/>\n<script type=\"application\/ld+json\" class=\"yoast-schema-graph\">{\"@context\":\"https:\\\/\\\/schema.org\",\"@graph\":[{\"@type\":\"WebPage\",\"@id\":\"https:\\\/\\\/www.conferencecannabis.ca\\\/en\\\/previous-editions\\\/2023-conference\\\/our-sponsors\\\/inaf\\\/\",\"url\":\"https:\\\/\\\/www.conferencecannabis.ca\\\/en\\\/previous-editions\\\/2023-conference\\\/our-sponsors\\\/inaf\\\/\",\"name\":\"Our Sponsor: INAF\",\"isPartOf\":{\"@id\":\"https:\\\/\\\/www.conferencecannabis.ca\\\/en\\\/#website\"},\"primaryImageOfPage\":{\"@id\":\"https:\\\/\\\/www.conferencecannabis.ca\\\/en\\\/previous-editions\\\/2023-conference\\\/our-sponsors\\\/inaf\\\/#primaryimage\"},\"image\":{\"@id\":\"https:\\\/\\\/www.conferencecannabis.ca\\\/en\\\/previous-editions\\\/2023-conference\\\/our-sponsors\\\/inaf\\\/#primaryimage\"},\"thumbnailUrl\":\"https:\\\/\\\/www.conferencecannabis.ca\\\/wp-content\\\/uploads\\\/2023\\\/04\\\/logo-complet-inaf-500.png\",\"datePublished\":\"2023-04-11T20:37:12+00:00\",\"dateModified\":\"2023-04-12T21:23:35+00:00\",\"description\":\"The Institute of Nutrition and Functional Foods (INAF) is the largest group of researchers in Canada dedicated to research and innovation in the field of food and health\",\"breadcrumb\":{\"@id\":\"https:\\\/\\\/www.conferencecannabis.ca\\\/en\\\/previous-editions\\\/2023-conference\\\/our-sponsors\\\/inaf\\\/#breadcrumb\"},\"inLanguage\":\"en-US\",\"potentialAction\":[{\"@type\":\"ReadAction\",\"target\":[\"https:\\\/\\\/www.conferencecannabis.ca\\\/en\\\/previous-editions\\\/2023-conference\\\/our-sponsors\\\/inaf\\\/\"]}]},{\"@type\":\"ImageObject\",\"inLanguage\":\"en-US\",\"@id\":\"https:\\\/\\\/www.conferencecannabis.ca\\\/en\\\/previous-editions\\\/2023-conference\\\/our-sponsors\\\/inaf\\\/#primaryimage\",\"url\":\"https:\\\/\\\/www.conferencecannabis.ca\\\/wp-content\\\/uploads\\\/2023\\\/04\\\/logo-complet-inaf-500.png\",\"contentUrl\":\"https:\\\/\\\/www.conferencecannabis.ca\\\/wp-content\\\/uploads\\\/2023\\\/04\\\/logo-complet-inaf-500.png\",\"width\":500,\"height\":500},{\"@type\":\"BreadcrumbList\",\"@id\":\"https:\\\/\\\/www.conferencecannabis.ca\\\/en\\\/previous-editions\\\/2023-conference\\\/our-sponsors\\\/inaf\\\/#breadcrumb\",\"itemListElement\":[{\"@type\":\"ListItem\",\"position\":1,\"name\":\"Accueil\",\"item\":\"https:\\\/\\\/www.conferencecannabis.ca\\\/en\\\/\"},{\"@type\":\"ListItem\",\"position\":2,\"name\":\"Previous editions\",\"item\":\"https:\\\/\\\/www.conferencecannabis.ca\\\/en\\\/previous-editions\\\/\"},{\"@type\":\"ListItem\",\"position\":3,\"name\":\"2023 Conference\",\"item\":\"https:\\\/\\\/www.conferencecannabis.ca\\\/en\\\/2023-conference\\\/\"},{\"@type\":\"ListItem\",\"position\":4,\"name\":\"Sponsors\",\"item\":\"https:\\\/\\\/www.conferencecannabis.ca\\\/en\\\/previous-editions\\\/2023-conference\\\/our-sponsors\\\/\"},{\"@type\":\"ListItem\",\"position\":5,\"name\":\"INAF\"}]},{\"@type\":\"WebSite\",\"@id\":\"https:\\\/\\\/www.conferencecannabis.ca\\\/en\\\/#website\",\"url\":\"https:\\\/\\\/www.conferencecannabis.ca\\\/en\\\/\",\"name\":\"Conf\u00e9rence canadienne sur le cannabis\",\"description\":\"Un \u00e9v\u00e8nement phare sur les derni\u00e8res avanc\u00e9es scientifique en mati\u00e8re de cannabis\",\"publisher\":{\"@id\":\"https:\\\/\\\/www.conferencecannabis.ca\\\/en\\\/#organization\"},\"potentialAction\":[{\"@type\":\"SearchAction\",\"target\":{\"@type\":\"EntryPoint\",\"urlTemplate\":\"https:\\\/\\\/www.conferencecannabis.ca\\\/en\\\/?s={search_term_string}\"},\"query-input\":{\"@type\":\"PropertyValueSpecification\",\"valueRequired\":true,\"valueName\":\"search_term_string\"}}],\"inLanguage\":\"en-US\"},{\"@type\":\"Organization\",\"@id\":\"https:\\\/\\\/www.conferencecannabis.ca\\\/en\\\/#organization\",\"name\":\"Conf\u00e9rence canadienne sur le cannabis\",\"url\":\"https:\\\/\\\/www.conferencecannabis.ca\\\/en\\\/\",\"logo\":{\"@type\":\"ImageObject\",\"inLanguage\":\"en-US\",\"@id\":\"https:\\\/\\\/www.conferencecannabis.ca\\\/en\\\/#\\\/schema\\\/logo\\\/image\\\/\",\"url\":\"https:\\\/\\\/www.conferencecannabis.ca\\\/wp-content\\\/uploads\\\/2019\\\/07\\\/logo-cannabis-couleur-2.svg\",\"contentUrl\":\"https:\\\/\\\/www.conferencecannabis.ca\\\/wp-content\\\/uploads\\\/2019\\\/07\\\/logo-cannabis-couleur-2.svg\",\"width\":1,\"height\":1,\"caption\":\"Conf\u00e9rence canadienne sur le cannabis\"},\"image\":{\"@id\":\"https:\\\/\\\/www.conferencecannabis.ca\\\/en\\\/#\\\/schema\\\/logo\\\/image\\\/\"},\"sameAs\":[\"https:\\\/\\\/www.facebook.com\\\/Conf\u00e9rence-canadienne-sur-le-cannabis-103896734329729\\\/\"]}]}<\/script>\n<!-- \/ Yoast SEO plugin. -->","yoast_head_json":{"title":"Our Sponsor: INAF","description":"The Institute of Nutrition and Functional Foods (INAF) is the largest group of researchers in Canada dedicated to research and innovation in the field of food and health","robots":{"index":"index","follow":"follow","max-snippet":"max-snippet:-1","max-image-preview":"max-image-preview:large","max-video-preview":"max-video-preview:-1"},"canonical":"https:\/\/www.conferencecannabis.ca\/en\/previous-editions\/2023-conference\/our-sponsors\/inaf\/","og_locale":"en_US","og_type":"article","og_title":"Our Sponsor: INAF","og_description":"The Institute of Nutrition and Functional Foods (INAF) is the largest group of researchers in Canada dedicated to research and innovation in the field of food and health","og_url":"https:\/\/www.conferencecannabis.ca\/en\/previous-editions\/2023-conference\/our-sponsors\/inaf\/","og_site_name":"Conf\u00e9rence canadienne sur le cannabis","article_publisher":"https:\/\/www.facebook.com\/Conf%c3%a9rence-canadienne-sur-le-cannabis-103896734329729\/","article_modified_time":"2023-04-12T21:23:35+00:00","og_image":[{"width":500,"height":500,"url":"https:\/\/www.conferencecannabis.ca\/wp-content\/uploads\/2023\/04\/logo-complet-inaf-500.png","type":"image\/png"}],"twitter_card":"summary_large_image","twitter_misc":{"Est. reading time":"2 minutes"},"schema":{"@context":"https:\/\/schema.org","@graph":[{"@type":"WebPage","@id":"https:\/\/www.conferencecannabis.ca\/en\/previous-editions\/2023-conference\/our-sponsors\/inaf\/","url":"https:\/\/www.conferencecannabis.ca\/en\/previous-editions\/2023-conference\/our-sponsors\/inaf\/","name":"Our Sponsor: INAF","isPartOf":{"@id":"https:\/\/www.conferencecannabis.ca\/en\/#website"},"primaryImageOfPage":{"@id":"https:\/\/www.conferencecannabis.ca\/en\/previous-editions\/2023-conference\/our-sponsors\/inaf\/#primaryimage"},"image":{"@id":"https:\/\/www.conferencecannabis.ca\/en\/previous-editions\/2023-conference\/our-sponsors\/inaf\/#primaryimage"},"thumbnailUrl":"https:\/\/www.conferencecannabis.ca\/wp-content\/uploads\/2023\/04\/logo-complet-inaf-500.png","datePublished":"2023-04-11T20:37:12+00:00","dateModified":"2023-04-12T21:23:35+00:00","description":"The Institute of Nutrition and Functional Foods (INAF) is the largest group of researchers in Canada dedicated to research and innovation in the field of food and health","breadcrumb":{"@id":"https:\/\/www.conferencecannabis.ca\/en\/previous-editions\/2023-conference\/our-sponsors\/inaf\/#breadcrumb"},"inLanguage":"en-US","potentialAction":[{"@type":"ReadAction","target":["https:\/\/www.conferencecannabis.ca\/en\/previous-editions\/2023-conference\/our-sponsors\/inaf\/"]}]},{"@type":"ImageObject","inLanguage":"en-US","@id":"https:\/\/www.conferencecannabis.ca\/en\/previous-editions\/2023-conference\/our-sponsors\/inaf\/#primaryimage","url":"https:\/\/www.conferencecannabis.ca\/wp-content\/uploads\/2023\/04\/logo-complet-inaf-500.png","contentUrl":"https:\/\/www.conferencecannabis.ca\/wp-content\/uploads\/2023\/04\/logo-complet-inaf-500.png","width":500,"height":500},{"@type":"BreadcrumbList","@id":"https:\/\/www.conferencecannabis.ca\/en\/previous-editions\/2023-conference\/our-sponsors\/inaf\/#breadcrumb","itemListElement":[{"@type":"ListItem","position":1,"name":"Accueil","item":"https:\/\/www.conferencecannabis.ca\/en\/"},{"@type":"ListItem","position":2,"name":"Previous editions","item":"https:\/\/www.conferencecannabis.ca\/en\/previous-editions\/"},{"@type":"ListItem","position":3,"name":"2023 Conference","item":"https:\/\/www.conferencecannabis.ca\/en\/2023-conference\/"},{"@type":"ListItem","position":4,"name":"Sponsors","item":"https:\/\/www.conferencecannabis.ca\/en\/previous-editions\/2023-conference\/our-sponsors\/"},{"@type":"ListItem","position":5,"name":"INAF"}]},{"@type":"WebSite","@id":"https:\/\/www.conferencecannabis.ca\/en\/#website","url":"https:\/\/www.conferencecannabis.ca\/en\/","name":"Conf\u00e9rence canadienne sur le cannabis","description":"Un \u00e9v\u00e8nement phare sur les derni\u00e8res avanc\u00e9es scientifique en mati\u00e8re de cannabis","publisher":{"@id":"https:\/\/www.conferencecannabis.ca\/en\/#organization"},"potentialAction":[{"@type":"SearchAction","target":{"@type":"EntryPoint","urlTemplate":"https:\/\/www.conferencecannabis.ca\/en\/?s={search_term_string}"},"query-input":{"@type":"PropertyValueSpecification","valueRequired":true,"valueName":"search_term_string"}}],"inLanguage":"en-US"},{"@type":"Organization","@id":"https:\/\/www.conferencecannabis.ca\/en\/#organization","name":"Conf\u00e9rence canadienne sur le cannabis","url":"https:\/\/www.conferencecannabis.ca\/en\/","logo":{"@type":"ImageObject","inLanguage":"en-US","@id":"https:\/\/www.conferencecannabis.ca\/en\/#\/schema\/logo\/image\/","url":"https:\/\/www.conferencecannabis.ca\/wp-content\/uploads\/2019\/07\/logo-cannabis-couleur-2.svg","contentUrl":"https:\/\/www.conferencecannabis.ca\/wp-content\/uploads\/2019\/07\/logo-cannabis-couleur-2.svg","width":1,"height":1,"caption":"Conf\u00e9rence canadienne sur le cannabis"},"image":{"@id":"https:\/\/www.conferencecannabis.ca\/en\/#\/schema\/logo\/image\/"},"sameAs":["https:\/\/www.facebook.com\/Conf\u00e9rence-canadienne-sur-le-cannabis-103896734329729\/"]}]}},"_links":{"self":[{"href":"https:\/\/www.conferencecannabis.ca\/en\/wp-json\/wp\/v2\/pages\/5400","targetHints":{"allow":["GET"]}}],"collection":[{"href":"https:\/\/www.conferencecannabis.ca\/en\/wp-json\/wp\/v2\/pages"}],"about":[{"href":"https:\/\/www.conferencecannabis.ca\/en\/wp-json\/wp\/v2\/types\/page"}],"author":[{"embeddable":true,"href":"https:\/\/www.conferencecannabis.ca\/en\/wp-json\/wp\/v2\/users\/6"}],"replies":[{"embeddable":true,"href":"https:\/\/www.conferencecannabis.ca\/en\/wp-json\/wp\/v2\/comments?post=5400"}],"version-history":[{"count":32,"href":"https:\/\/www.conferencecannabis.ca\/en\/wp-json\/wp\/v2\/pages\/5400\/revisions"}],"predecessor-version":[{"id":5526,"href":"https:\/\/www.conferencecannabis.ca\/en\/wp-json\/wp\/v2\/pages\/5400\/revisions\/5526"}],"up":[{"embeddable":true,"href":"https:\/\/www.conferencecannabis.ca\/en\/wp-json\/wp\/v2\/pages\/5376"}],"wp:featuredmedia":[{"embeddable":true,"href":"https:\/\/www.conferencecannabis.ca\/en\/wp-json\/wp\/v2\/media\/5323"}],"wp:attachment":[{"href":"https:\/\/www.conferencecannabis.ca\/en\/wp-json\/wp\/v2\/media?parent=5400"}],"curies":[{"name":"wp","href":"https:\/\/api.w.org\/{rel}","templated":true}]}}